{"id":2894,"date":"2019-01-18T10:28:43","date_gmt":"2019-01-18T10:28:43","guid":{"rendered":"http:\/\/www.venue-eventos.com\/nosotras\/"},"modified":"2019-05-28T18:05:26","modified_gmt":"2019-05-28T18:05:26","slug":"about-us","status":"publish","type":"page","link":"http:\/\/www.venue-eventos.com\/en\/about-us\/","title":{"rendered":"About us"},"content":{"rendered":"<div id='que-hacemos'  class='avia-section av-jr1w5kjq-5dae2551e4a1e318914769e11b576143 main_color avia-section-default avia-no-border-styling  avia-builder-el-0  avia-builder-el-no-sibling  avia-bg-style-scroll  container_wrap fullsize'  ><div class='container av-section-cont-open' ><main  role=\"main\" itemprop=\"mainContentOfPage\"  class='template-page content  av-content-full alpha units'><div class='post-entry post-entry-type-page post-entry-2894'><div class='entry-content-wrapper clearfix'>\n\n<style type=\"text\/css\" data-created_by=\"avia_inline_auto\" id=\"style-css-av-av_one_full-25347b0a799d5b9f7058434b2a9c3182\">\n.flex_column.av-av_one_full-25347b0a799d5b9f7058434b2a9c3182{\nborder-radius:0px 0px 0px 0px;\n-webkit-border-radius:0px 0px 0px 0px;\n-moz-border-radius:0px 0px 0px 0px;\n}\n<\/style>\n<div class='flex_column av-av_one_full-25347b0a799d5b9f7058434b2a9c3182 av_one_full  avia-builder-el-1  el_before_av_one_half  avia-builder-el-first  first flex_column_div av-zero-column-padding '   ><style type=\"text\/css\" data-created_by=\"avia_inline_auto\" id=\"style-css-av-jr1wf6ee-0a7620090cef62c688c0ef51625e1db0\">\n#top .av-special-heading.av-jr1wf6ee-0a7620090cef62c688c0ef51625e1db0{\nmargin:0 50% 0 0;\npadding-bottom:13px;\nfont-size:30px;\n}\n<\/style>\n<div  class='av-special-heading av-jr1wf6ee-0a7620090cef62c688c0ef51625e1db0 av-special-heading-h3 blockquote modern-quote  avia-builder-el-2  avia-builder-el-no-sibling  av-inherit-size '><h3 class='av-special-heading-tag '  itemprop=\"headline\"  ><i><span class='special_amp'>&#8220;<\/span>La uni\u00f3n de la decoraci\u00f3n y la organizaci\u00f3n, la experiencia y la perfecci\u00f3n.<span class='special_amp'>&#8221;<\/span><\/h3><div class='special-heading-border'><div class='special-heading-inner-border'><\/div><\/div><\/div><\/div>\n<style type=\"text\/css\" data-created_by=\"avia_inline_auto\" id=\"style-css-av-av_one_half-25347b0a799d5b9f7058434b2a9c3182\">\n.flex_column.av-av_one_half-25347b0a799d5b9f7058434b2a9c3182{\nborder-radius:0px 0px 0px 0px;\n-webkit-border-radius:0px 0px 0px 0px;\n-moz-border-radius:0px 0px 0px 0px;\n}\n<\/style>\n<div class='flex_column av-av_one_half-25347b0a799d5b9f7058434b2a9c3182 av_one_half  avia-builder-el-3  el_after_av_one_full  el_before_av_one_half  first flex_column_div av-zero-column-padding column-top-margin'   ><style type=\"text\/css\" data-created_by=\"avia_inline_auto\" id=\"style-css-av-jr1w2ldr-324dc2b224e8412b74f86d620d8a52d3\">\n.avia-image-container.av-jr1w2ldr-324dc2b224e8412b74f86d620d8a52d3 .av-image-caption-overlay-center{\ncolor:#ffffff;\n}\n<\/style>\n<div  class='avia-image-container av-jr1w2ldr-324dc2b224e8412b74f86d620d8a52d3 av-styling- avia-align-center  avia-builder-el-4  avia-builder-el-no-sibling  '  itemprop=\"image\" itemscope=\"itemscope\" itemtype=\"https:\/\/schema.org\/ImageObject\" ><div class=\"avia-image-container-inner\"><div class=\"avia-image-overlay-wrap\"><img class='wp-image-2814 avia-img-lazy-loading-not-2814 avia_image' src='http:\/\/www.venue-eventos.com\/wp-content\/uploads\/2019\/01\/S01198497-ret-opt.jpg' alt='' title='S01198497-ret-opt'  height=\"720\" width=\"960\"  itemprop=\"thumbnailUrl\"  \/><\/div><\/div><\/div><\/div>\n<style type=\"text\/css\" data-created_by=\"avia_inline_auto\" id=\"style-css-av-av_one_half-f7c1061df29de8cca6b42fcf455fe4a0\">\n.flex_column.av-av_one_half-f7c1061df29de8cca6b42fcf455fe4a0{\nborder-radius:0px 0px 0px 0px;\n-webkit-border-radius:0px 0px 0px 0px;\n-moz-border-radius:0px 0px 0px 0px;\n}\n<\/style>\n<div class='flex_column av-av_one_half-f7c1061df29de8cca6b42fcf455fe4a0 av_one_half  avia-builder-el-5  el_after_av_one_half  el_before_av_one_half  flex_column_div av-zero-column-padding column-top-margin'   ><section class=\"av_textblock_section \"  itemscope=\"itemscope\" itemtype=\"https:\/\/schema.org\/CreativeWork\" ><div class='avia_textblock  '   itemprop=\"text\" ><p>Lorem ipsum dolor sit amet consectetur adipiscing, elit cras felis magnis condimentum, donec ante iaculis ac urna. Cum lectus euismod tincidunt tellus posuere lobortis parturient vitae, fermentum mattis at aptent congue curabitur porttitor dis in, felis quisque arcu ante purus mollis augue. Vel egestas quisque potenti quis scelerisque, morbi semper hendrerit rutrum ante at, sagittis proin porta ornare.<\/p>\n<p>Nec faucibus duis dignissim a venenatis magna, curae conubia vivamus nascetur natoque, tristique lobortis nisi imperdiet pretium. Erat sem ornare magnis venenatis turpis nostra nulla senectus iaculis curae, himenaeos laoreet donec euismod nisl egestas quis phasellus potenti dui, quam tellus mattis eleifend litora dictumst justo eu cursus. Ligula dictumst mattis maecenas taciti torquent at vestibulum posuere habitasse, justo suscipit dictum eleifend gravida blandit phasellus sagittis, id ac eros dapibus potenti netus fringilla aliquam. Penatibus molestie a eget id libero sagittis rhoncus phasellus maecenas et placerat ante, ac hendrerit feugiat aliquam platea venenatis quis ut urna lacinia.<\/p>\n<p>Metus convallis nascetur risus orci purus .<\/p>\n<\/div><\/section><\/div>\n<style type=\"text\/css\" data-created_by=\"avia_inline_auto\" id=\"style-css-av-av_one_half-25347b0a799d5b9f7058434b2a9c3182\">\n.flex_column.av-av_one_half-25347b0a799d5b9f7058434b2a9c3182{\nborder-radius:0px 0px 0px 0px;\n-webkit-border-radius:0px 0px 0px 0px;\n-moz-border-radius:0px 0px 0px 0px;\n}\n<\/style>\n<div class='flex_column av-av_one_half-25347b0a799d5b9f7058434b2a9c3182 av_one_half first flex_column_div av-zero-column-padding '   ><section class=\"av_textblock_section \"  itemscope=\"itemscope\" itemtype=\"https:\/\/schema.org\/CreativeWork\" ><div class='avia_textblock  '   itemprop=\"text\" ><p>Lorem ipsum dolor sit amet consectetur adipiscing, elit cras felis magnis condimentum, donec ante iaculis ac urna. Cum lectus euismod tincidunt tellus posuere lobortis parturient vitae, fermentum mattis at aptent congue curabitur porttitor dis in, felis quisque arcu ante purus mollis augue. Vel egestas quisque potenti quis scelerisque, morbi semper hendrerit rutrum ante at, sagittis proin porta ornare.<\/p>\n<p>Nec faucibus duis dignissim a venenatis magna, curae conubia vivamus nascetur natoque, tristique lobortis nisi imperdiet pretium. Erat sem ornare magnis venenatis turpis nostra nulla senectus iaculis curae, himenaeos laoreet donec euismod nisl egestas quis phasellus potenti dui, quam tellus mattis eleifend litora dictumst justo eu cursus. Ligula dictumst mattis maecenas taciti torquent at vestibulum posuere habitasse, justo suscipit dictum eleifend gravida blandit phasellus sagittis, id ac eros dapibus potenti netus fringilla aliquam. Penatibus molestie a eget id libero sagittis rhoncus phasellus maecenas et placerat ante, ac hendrerit feugiat aliquam platea venenatis quis ut urna lacinia.<\/p>\n<p>Metus convallis nascetur risus orci purus .<\/p>\n<\/div><\/section><\/div>\n<style type=\"text\/css\" data-created_by=\"avia_inline_auto\" id=\"style-css-av-av_one_half-f7c1061df29de8cca6b42fcf455fe4a0\">\n.flex_column.av-av_one_half-f7c1061df29de8cca6b42fcf455fe4a0{\nborder-radius:0px 0px 0px 0px;\n-webkit-border-radius:0px 0px 0px 0px;\n-moz-border-radius:0px 0px 0px 0px;\n}\n<\/style>\n<div class='flex_column av-av_one_half-f7c1061df29de8cca6b42fcf455fe4a0 av_one_half flex_column_div av-zero-column-padding '   ><style type=\"text\/css\" data-created_by=\"avia_inline_auto\" id=\"style-css-av-jr1w2ldr-a5d74dcbf181be68c5e5d019903895cf\">\n.avia-image-container.av-jr1w2ldr-a5d74dcbf181be68c5e5d019903895cf .av-image-caption-overlay-center{\ncolor:#ffffff;\n}\n<\/style>\n<div  class='avia-image-container av-jr1w2ldr-a5d74dcbf181be68c5e5d019903895cf av-styling- avia-align-center '  itemprop=\"image\" itemscope=\"itemscope\" itemtype=\"https:\/\/schema.org\/ImageObject\" ><div class=\"avia-image-container-inner\"><div class=\"avia-image-overlay-wrap\"><img class='wp-image-2732 avia-img-lazy-loading-not-2732 avia_image' src='http:\/\/www.venue-eventos.com\/wp-content\/uploads\/2019\/01\/S01198528-ret-opt.jpg' alt='' title='S01198528-ret-opt'  height=\"720\" width=\"960\"  itemprop=\"thumbnailUrl\"  \/><\/div><\/div><\/div><\/div>\n","protected":false},"excerpt":{"rendered":"<p>Equipo coordinaci\u00f3n y organizaci\u00f3n de bodas, eventos, celebraciones, fiestas, banquetes&#8230; originales y diferentes.<\/p>\n","protected":false},"author":1,"featured_media":0,"parent":0,"menu_order":0,"comment_status":"closed","ping_status":"closed","template":"","meta":{"_joinchat":[]},"_links":{"self":[{"href":"http:\/\/www.venue-eventos.com\/en\/wp-json\/wp\/v2\/pages\/2894"}],"collection":[{"href":"http:\/\/www.venue-eventos.com\/en\/wp-json\/wp\/v2\/pages"}],"about":[{"href":"http:\/\/www.venue-eventos.com\/en\/wp-json\/wp\/v2\/types\/page"}],"author":[{"embeddable":true,"href":"http:\/\/www.venue-eventos.com\/en\/wp-json\/wp\/v2\/users\/1"}],"replies":[{"embeddable":true,"href":"http:\/\/www.venue-eventos.com\/en\/wp-json\/wp\/v2\/comments?post=2894"}],"version-history":[{"count":1,"href":"http:\/\/www.venue-eventos.com\/en\/wp-json\/wp\/v2\/pages\/2894\/revisions"}],"predecessor-version":[{"id":2969,"href":"http:\/\/www.venue-eventos.com\/en\/wp-json\/wp\/v2\/pages\/2894\/revisions\/2969"}],"wp:attachment":[{"href":"http:\/\/www.venue-eventos.com\/en\/wp-json\/wp\/v2\/media?parent=2894"}],"curies":[{"name":"wp","href":"https:\/\/api.w.org\/{rel}","templated":true}]}}